{"id":11,"date":"2026-04-16T13:31:17","date_gmt":"2026-04-16T13:31:17","guid":{"rendered":"http:\/\/nutri-zen.net\/?page_id=11"},"modified":"2026-04-18T10:23:49","modified_gmt":"2026-04-18T10:23:49","slug":"about","status":"publish","type":"page","link":"https:\/\/nutri-zen.net\/index.php\/about\/","title":{"rendered":"A propos"},"content":{"rendered":"\n<p>Conseill\u00e8re en nutrition, je vous accompagne vers un r\u00e9\u00e9quilibrage alimentaire adapt\u00e9 \u00e0 votre mode de vie, sans r\u00e9gime strict ni culpabilit\u00e9.<\/p>\n\n\n\n<p><\/p>\n\n\n\n<p><strong>\u00c0 qui s\u2019adresse mes accompagnements ?<\/strong><\/p>\n\n\n\n<ul class=\"wp-block-list\">\n<li>aux personnes souhaitant perdre du poids <\/li>\n\n\n\n<li>aux personnes ressentant de la fatigue ou des troubles digestifs <\/li>\n\n\n\n<li>aux personnes souhaitant retrouver de bonnes habitudes alimentaires <\/li>\n\n\n\n<li>aux parents souhaitant proposer une meilleure alimentation \u00e0 leurs enfants<\/li>\n<\/ul>\n\n\n\n<p><strong>Ce que je propose :<\/strong><\/p>\n\n\n\n<ul class=\"wp-block-list\">\n<li>Bilan nutritionnel personnalis\u00e9 <\/li>\n\n\n\n<li>Suivi individuel <\/li>\n\n\n\n<li>Conseils pratiques adapt\u00e9s \u00e0 votre quotidien<\/li>\n\n\n\n<li>Id\u00e9es de repas simples et \u00e9quilibr\u00e9s <\/li>\n\n\n\n<li>Accompagnement bienveillant et sans jugement<\/li>\n<\/ul>\n\n\n\n<p><strong>Les b\u00e9n\u00e9fices :<\/strong><\/p>\n\n\n\n<ul class=\"wp-block-list\">\n<li>Retrouver de l\u2019\u00e9nergie<\/li>\n\n\n\n<li>Mieux comprendre son alimentation<\/li>\n\n\n\n<li>Se sentir bien dans son corps<\/li>\n\n\n\n<li>Adopter des habitudes durables<\/li>\n\n\n\n<li>Se lib\u00e9rer des r\u00e9gimes restrictifs<\/li>\n<\/ul>\n\n\n\n<p><\/p>\n\n\n\n<p class=\"has-text-align-center\"><strong>\u00ab Accompagnement doux, r\u00e9aliste et durable \u00bb<\/strong><\/p>\n\n\n\n<p><\/p>\n","protected":false},"excerpt":{"rendered":"<p>Conseill\u00e8re en nutrition, je vous accompagne vers un r\u00e9\u00e9quilibrage alimentaire adapt\u00e9 \u00e0 votre mode de vie, sans r\u00e9gime strict ni culpabilit\u00e9. \u00c0 qui s\u2019adresse mes accompagnements ? Ce que je propose : Les b\u00e9n\u00e9fices : \u00ab Accompagnement doux, r\u00e9aliste et durable \u00bb<\/p>\n","protected":false},"author":1,"featured_media":34,"parent":0,"menu_order":0,"comment_status":"closed","ping_status":"closed","template":"","meta":{"footnotes":""},"class_list":["post-11","page","type-page","status-publish","has-post-thumbnail","hentry"],"_links":{"self":[{"href":"https:\/\/nutri-zen.net\/index.php\/wp-json\/wp\/v2\/pages\/11","targetHints":{"allow":["GET"]}}],"collection":[{"href":"https:\/\/nutri-zen.net\/index.php\/wp-json\/wp\/v2\/pages"}],"about":[{"href":"https:\/\/nutri-zen.net\/index.php\/wp-json\/wp\/v2\/types\/page"}],"author":[{"embeddable":true,"href":"https:\/\/nutri-zen.net\/index.php\/wp-json\/wp\/v2\/users\/1"}],"replies":[{"embeddable":true,"href":"https:\/\/nutri-zen.net\/index.php\/wp-json\/wp\/v2\/comments?post=11"}],"version-history":[{"count":3,"href":"https:\/\/nutri-zen.net\/index.php\/wp-json\/wp\/v2\/pages\/11\/revisions"}],"predecessor-version":[{"id":98,"href":"https:\/\/nutri-zen.net\/index.php\/wp-json\/wp\/v2\/pages\/11\/revisions\/98"}],"wp:featuredmedia":[{"embeddable":true,"href":"https:\/\/nutri-zen.net\/index.php\/wp-json\/wp\/v2\/media\/34"}],"wp:attachment":[{"href":"https:\/\/nutri-zen.net\/index.php\/wp-json\/wp\/v2\/media?parent=11"}],"curies":[{"name":"wp","href":"https:\/\/api.w.org\/{rel}","templated":true}]}}